{"id":96,"date":"2025-11-22T10:05:25","date_gmt":"2025-11-22T10:05:25","guid":{"rendered":"https:\/\/www.christopheobraczka.fr\/?page_id=96"},"modified":"2025-11-23T11:11:13","modified_gmt":"2025-11-23T10:11:13","slug":"la-therapie-biodynamique","status":"publish","type":"page","link":"https:\/\/www.christopheobraczka.fr\/index.php\/la-therapie-biodynamique\/","title":{"rendered":"LA THERAPIE"},"content":{"rendered":"\n<figure class=\"wp-block-image size-large is-resized\"><img loading=\"lazy\" decoding=\"async\" width=\"1024\" height=\"683\" src=\"http:\/\/www.christopheobraczka.fr\/wp-content\/uploads\/2025\/11\/pexels-david-alberto-carmona-coto-434794-1151418-1024x683.jpg\" alt=\"\" class=\"wp-image-185\" style=\"width:479px;height:auto\" srcset=\"https:\/\/www.christopheobraczka.fr\/wp-content\/uploads\/2025\/11\/pexels-david-alberto-carmona-coto-434794-1151418-1024x683.jpg 1024w, https:\/\/www.christopheobraczka.fr\/wp-content\/uploads\/2025\/11\/pexels-david-alberto-carmona-coto-434794-1151418-300x200.jpg 300w, https:\/\/www.christopheobraczka.fr\/wp-content\/uploads\/2025\/11\/pexels-david-alberto-carmona-coto-434794-1151418-768x512.jpg 768w, https:\/\/www.christopheobraczka.fr\/wp-content\/uploads\/2025\/11\/pexels-david-alberto-carmona-coto-434794-1151418-1536x1024.jpg 1536w, https:\/\/www.christopheobraczka.fr\/wp-content\/uploads\/2025\/11\/pexels-david-alberto-carmona-coto-434794-1151418-2048x1365.jpg 2048w, https:\/\/www.christopheobraczka.fr\/wp-content\/uploads\/2025\/11\/pexels-david-alberto-carmona-coto-434794-1151418-150x100.jpg 150w\" sizes=\"auto, (max-width: 1024px) 100vw, 1024px\" \/><\/figure>\n\n\n\n<h2 class=\"wp-block-heading\">\u00c7a sert \u00e0 quoi ?<\/h2>\n\n\n\n<p>Notre corps est le r\u00e9gulateur de nos \u00e9motions. Lorsqu\u2019une situation de stress, un choc \u00e9motionnel ou une situation conflictuelle se pr\u00e9sente, il absorbe le trop-plein que notre cerveau ne peut pas g\u00e9rer. Nous poss\u00e9dons tous ce syst\u00e8me d\u2019autor\u00e9gulation, mais la perte plus ou moins grande de cette capacit\u00e9 favorise la tension nerveuse, \u00e9motionnelle et musculaire pouvant aller vers des \u00e9tats de plus en plus chroniques qui alt\u00e8rent aussi bien notre bien-\u00eatre int\u00e9rieur que notre rapport \u00e0 l\u2019autre. Lorsque cet \u00e9quilibre est perturb\u00e9 d\u00e8s l\u2019enfance, c\u2019est notre fa\u00e7on d\u2019\u00eatre au quotidien qui est affect\u00e9e.<\/p>\n\n\n\n<p>Avec toutes ces tensions accumul\u00e9es se forme une cuirasse, certes efficace pour nous prot\u00e9ger du monde, mais qui peu \u00e0 peu nous coupe de notre vitalit\u00e9, de notre spontan\u00e9it\u00e9, et nous rigidifie le corps comme l\u2019esprit.<\/p>\n\n\n\n<p>La th\u00e9rapie biodynamique aide \u00e0 restaurer notre capacit\u00e9 naturelle \u00e0 vivre en harmonie avec nous-m\u00eames et notre entourage.<\/p>\n\n\n\n<h2 class=\"wp-block-heading\">Comment ?<\/h2>\n\n\n\n<p>Le praticien en th\u00e9rapie biodynamique n\u2019applique pas \u00e0 la lettre un protocole pr\u00e9d\u00e9fini. En accord avec les attentes du patient, sa structure psycho-corporelle, son v\u00e9cu du moment, il adapte son approche afin d\u2019ouvrir la personne \u00e0 une plus grande conscience d\u2019elle-m\u00eame et \u00e0 lib\u00e9rer ses potentialit\u00e9s propres.<\/p>\n\n\n\n<p>Le th\u00e9rapeute, par sa qualit\u00e9 de pr\u00e9sence et d\u2019\u00e9coute inconditionnelle, accompagne le patient dans une red\u00e9couverte de son noyau sain. Les traumatismes enfouis sont progressivement dig\u00e9r\u00e9s et int\u00e9gr\u00e9s, et l\u2019\u00e9nergie encapsul\u00e9e dans le corps circule \u00e0 nouveau librement. C\u2019est une exp\u00e9rience tr\u00e8s touchante et r\u00e9g\u00e9n\u00e9rante.<\/p>\n\n\n\n<p>Le massage est un des outils privil\u00e9gi\u00e9s de la th\u00e9rapie psycho-corporelle biodynamique. Il permet d\u2019aborder des probl\u00e9matiques de fond l\u00e0 o\u00f9 l\u2019expression verbale s\u2019av\u00e8re inadapt\u00e9e ou inefficace.<\/p>\n\n\n\n<h2 class=\"wp-block-heading\">Pour qui ?<\/h2>\n\n\n\n<p>De par la large palette d\u2019outils \u00e0 disposition du praticien (massage, v\u00e9g\u00e9toth\u00e9rapie, travail verbal, exercices posturaux\u2026), la th\u00e9rapie biodynamique permet \u00e0 la fois de r\u00e9soudre les tensions chroniques dans le corps \u2014 et par l\u00e0 m\u00eame \u00ab&nbsp;dig\u00e9rer&nbsp;\u00bb les situations ayant conduit \u00e0 cette tension\u2014 et de r\u00e9tablir un comportement et une attitude face \u00e0 la vie plus harmonieuse et saine.<\/p>\n\n\n\n<ul class=\"wp-block-list\">\n<li>Si vous vous sentez \u00ab\u00a0coinc\u00e9\u00a0\u00bb dans votre corps, dans votre vie,<\/li>\n\n\n\n<li>si vous souhaitez retrouver votre espace int\u00e9rieur, d\u00e9passer des blocages,<\/li>\n\n\n\n<li>si vous rencontrez des situations douloureuses et r\u00e9currentes dans votre vie,<\/li>\n\n\n\n<li>si votre relation aux autres vous semble \u00ab\u00a0d\u00e9cal\u00e9e\u00a0\u00bb ou conflictuelle,<\/li>\n\n\n\n<li>si vous ressentez que votre potentiel n\u2019arrive pas \u00e0 s\u2019exprimer pleinement,<\/li>\n\n\n\n<li>l\u2019approche biodynamique est peut-\u00eatre l\u2019outil dont vous avez besoin.<\/li>\n<\/ul>\n\n\n\n<p><\/p>\n","protected":false},"excerpt":{"rendered":"<p>\u00c7a sert \u00e0 quoi ? Notre corps est le r\u00e9gulateur de nos \u00e9motions. Lorsqu\u2019une situation de stress, un choc \u00e9motionnel ou une situation conflictuelle se pr\u00e9sente, il absorbe le trop-plein que notre cerveau ne peut pas g\u00e9rer. Nous poss\u00e9dons tous ce syst\u00e8me d\u2019autor\u00e9gulation, mais la perte plus ou moins grande de cette capacit\u00e9 favorise la tension nerveuse, \u00e9motionnelle et musculaire pouvant aller vers des \u00e9tats de plus en plus chroniques qui alt\u00e8rent aussi bien notre bien-\u00eatre int\u00e9rieur que notre rapport \u00e0 l\u2019autre. Lorsque cet \u00e9quilibre est perturb\u00e9 d\u00e8s l\u2019enfance, c\u2019est notre fa\u00e7on d\u2019\u00eatre au quotidien qui est affect\u00e9e. Avec toutes&#8230;<\/p>\n<p> <a class=\"continue-reading-link\" href=\"https:\/\/www.christopheobraczka.fr\/index.php\/la-therapie-biodynamique\/\"><span>Continuer la lecture<\/span><i class=\"crycon-right-dir\"><\/i><\/a> <\/p>\n","protected":false},"author":1,"featured_media":185,"parent":0,"menu_order":0,"comment_status":"closed","ping_status":"closed","template":"","meta":{"footnotes":""},"class_list":["post-96","page","type-page","status-publish","has-post-thumbnail","hentry"],"yoast_head":"<!-- This site is optimized with the Yoast SEO plugin v27.1.1 - https:\/\/yoast.com\/product\/yoast-seo-wordpress\/ -->\n<title>LA THERAPIE - Christophe Obraczka<\/title>\n<meta name=\"robots\" content=\"index, follow, max-snippet:-1, max-image-preview:large, max-video-preview:-1\" \/>\n<link rel=\"canonical\" href=\"https:\/\/www.christopheobraczka.fr\/index.php\/la-therapie-biodynamique\/\" \/>\n<meta property=\"og:locale\" content=\"fr_FR\" \/>\n<meta property=\"og:type\" content=\"article\" \/>\n<meta property=\"og:title\" content=\"LA THERAPIE - Christophe Obraczka\" \/>\n<meta property=\"og:description\" content=\"\u00c7a sert \u00e0 quoi ? Notre corps est le r\u00e9gulateur de nos \u00e9motions. Lorsqu\u2019une situation de stress, un choc \u00e9motionnel ou une situation conflictuelle se pr\u00e9sente, il absorbe le trop-plein que notre cerveau ne peut pas g\u00e9rer. Nous poss\u00e9dons tous ce syst\u00e8me d\u2019autor\u00e9gulation, mais la perte plus ou moins grande de cette capacit\u00e9 favorise la tension nerveuse, \u00e9motionnelle et musculaire pouvant aller vers des \u00e9tats de plus en plus chroniques qui alt\u00e8rent aussi bien notre bien-\u00eatre int\u00e9rieur que notre rapport \u00e0 l\u2019autre. Lorsque cet \u00e9quilibre est perturb\u00e9 d\u00e8s l\u2019enfance, c\u2019est notre fa\u00e7on d\u2019\u00eatre au quotidien qui est affect\u00e9e. Avec toutes... Continuer la lecture\" \/>\n<meta property=\"og:url\" content=\"https:\/\/www.christopheobraczka.fr\/index.php\/la-therapie-biodynamique\/\" \/>\n<meta property=\"og:site_name\" content=\"Christophe Obraczka\" \/>\n<meta property=\"article:modified_time\" content=\"2025-11-23T10:11:13+00:00\" \/>\n<meta property=\"og:image\" content=\"https:\/\/www.christopheobraczka.fr\/wp-content\/uploads\/2025\/11\/pexels-david-alberto-carmona-coto-434794-1151418-scaled.jpg\" \/>\n\t<meta property=\"og:image:width\" content=\"2560\" \/>\n\t<meta property=\"og:image:height\" content=\"1707\" \/>\n\t<meta property=\"og:image:type\" content=\"image\/jpeg\" \/>\n<meta name=\"twitter:card\" content=\"summary_large_image\" \/>\n<meta name=\"twitter:label1\" content=\"Dur\u00e9e de lecture estim\u00e9e\" \/>\n\t<meta name=\"twitter:data1\" content=\"2 minutes\" \/>\n<script type=\"application\/ld+json\" class=\"yoast-schema-graph\">{\"@context\":\"https:\/\/schema.org\",\"@graph\":[{\"@type\":\"WebPage\",\"@id\":\"https:\/\/www.christopheobraczka.fr\/index.php\/la-therapie-biodynamique\/\",\"url\":\"https:\/\/www.christopheobraczka.fr\/index.php\/la-therapie-biodynamique\/\",\"name\":\"LA THERAPIE - Christophe Obraczka\",\"isPartOf\":{\"@id\":\"https:\/\/www.christopheobraczka.fr\/#website\"},\"primaryImageOfPage\":{\"@id\":\"https:\/\/www.christopheobraczka.fr\/index.php\/la-therapie-biodynamique\/#primaryimage\"},\"image\":{\"@id\":\"https:\/\/www.christopheobraczka.fr\/index.php\/la-therapie-biodynamique\/#primaryimage\"},\"thumbnailUrl\":\"https:\/\/www.christopheobraczka.fr\/wp-content\/uploads\/2025\/11\/pexels-david-alberto-carmona-coto-434794-1151418-scaled.jpg\",\"datePublished\":\"2025-11-22T10:05:25+00:00\",\"dateModified\":\"2025-11-23T10:11:13+00:00\",\"breadcrumb\":{\"@id\":\"https:\/\/www.christopheobraczka.fr\/index.php\/la-therapie-biodynamique\/#breadcrumb\"},\"inLanguage\":\"fr-FR\",\"potentialAction\":[{\"@type\":\"ReadAction\",\"target\":[\"https:\/\/www.christopheobraczka.fr\/index.php\/la-therapie-biodynamique\/\"]}]},{\"@type\":\"ImageObject\",\"inLanguage\":\"fr-FR\",\"@id\":\"https:\/\/www.christopheobraczka.fr\/index.php\/la-therapie-biodynamique\/#primaryimage\",\"url\":\"https:\/\/www.christopheobraczka.fr\/wp-content\/uploads\/2025\/11\/pexels-david-alberto-carmona-coto-434794-1151418-scaled.jpg\",\"contentUrl\":\"https:\/\/www.christopheobraczka.fr\/wp-content\/uploads\/2025\/11\/pexels-david-alberto-carmona-coto-434794-1151418-scaled.jpg\",\"width\":2560,\"height\":1707},{\"@type\":\"BreadcrumbList\",\"@id\":\"https:\/\/www.christopheobraczka.fr\/index.php\/la-therapie-biodynamique\/#breadcrumb\",\"itemListElement\":[{\"@type\":\"ListItem\",\"position\":1,\"name\":\"Accueil\",\"item\":\"https:\/\/www.christopheobraczka.fr\/\"},{\"@type\":\"ListItem\",\"position\":2,\"name\":\"LA THERAPIE\"}]},{\"@type\":\"WebSite\",\"@id\":\"https:\/\/www.christopheobraczka.fr\/#website\",\"url\":\"https:\/\/www.christopheobraczka.fr\/\",\"name\":\"christopheobraczka.fr\",\"description\":\"Th\u00e9rapeute psychocorporel - sp\u00e9cialiste et formateur en Deep Draining\",\"publisher\":{\"@id\":\"https:\/\/www.christopheobraczka.fr\/#organization\"},\"potentialAction\":[{\"@type\":\"SearchAction\",\"target\":{\"@type\":\"EntryPoint\",\"urlTemplate\":\"https:\/\/www.christopheobraczka.fr\/?s={search_term_string}\"},\"query-input\":{\"@type\":\"PropertyValueSpecification\",\"valueRequired\":true,\"valueName\":\"search_term_string\"}}],\"inLanguage\":\"fr-FR\"},{\"@type\":\"Organization\",\"@id\":\"https:\/\/www.christopheobraczka.fr\/#organization\",\"name\":\"Christophe Obraczka\",\"url\":\"https:\/\/www.christopheobraczka.fr\/\",\"logo\":{\"@type\":\"ImageObject\",\"inLanguage\":\"fr-FR\",\"@id\":\"https:\/\/www.christopheobraczka.fr\/#\/schema\/logo\/image\/\",\"url\":\"https:\/\/www.christopheobraczka.fr\/wp-content\/uploads\/2025\/11\/IMG_20200503_164357-600x580-1-e1763566813713.jpg\",\"contentUrl\":\"https:\/\/www.christopheobraczka.fr\/wp-content\/uploads\/2025\/11\/IMG_20200503_164357-600x580-1-e1763566813713.jpg\",\"width\":530,\"height\":512,\"caption\":\"Christophe Obraczka\"},\"image\":{\"@id\":\"https:\/\/www.christopheobraczka.fr\/#\/schema\/logo\/image\/\"}}]}<\/script>\n<!-- \/ Yoast SEO plugin. -->","yoast_head_json":{"title":"LA THERAPIE - Christophe Obraczka","robots":{"index":"index","follow":"follow","max-snippet":"max-snippet:-1","max-image-preview":"max-image-preview:large","max-video-preview":"max-video-preview:-1"},"canonical":"https:\/\/www.christopheobraczka.fr\/index.php\/la-therapie-biodynamique\/","og_locale":"fr_FR","og_type":"article","og_title":"LA THERAPIE - Christophe Obraczka","og_description":"\u00c7a sert \u00e0 quoi ? Notre corps est le r\u00e9gulateur de nos \u00e9motions. Lorsqu\u2019une situation de stress, un choc \u00e9motionnel ou une situation conflictuelle se pr\u00e9sente, il absorbe le trop-plein que notre cerveau ne peut pas g\u00e9rer. Nous poss\u00e9dons tous ce syst\u00e8me d\u2019autor\u00e9gulation, mais la perte plus ou moins grande de cette capacit\u00e9 favorise la tension nerveuse, \u00e9motionnelle et musculaire pouvant aller vers des \u00e9tats de plus en plus chroniques qui alt\u00e8rent aussi bien notre bien-\u00eatre int\u00e9rieur que notre rapport \u00e0 l\u2019autre. Lorsque cet \u00e9quilibre est perturb\u00e9 d\u00e8s l\u2019enfance, c\u2019est notre fa\u00e7on d\u2019\u00eatre au quotidien qui est affect\u00e9e. Avec toutes... Continuer la lecture","og_url":"https:\/\/www.christopheobraczka.fr\/index.php\/la-therapie-biodynamique\/","og_site_name":"Christophe Obraczka","article_modified_time":"2025-11-23T10:11:13+00:00","og_image":[{"width":2560,"height":1707,"url":"https:\/\/www.christopheobraczka.fr\/wp-content\/uploads\/2025\/11\/pexels-david-alberto-carmona-coto-434794-1151418-scaled.jpg","type":"image\/jpeg"}],"twitter_card":"summary_large_image","twitter_misc":{"Dur\u00e9e de lecture estim\u00e9e":"2 minutes"},"schema":{"@context":"https:\/\/schema.org","@graph":[{"@type":"WebPage","@id":"https:\/\/www.christopheobraczka.fr\/index.php\/la-therapie-biodynamique\/","url":"https:\/\/www.christopheobraczka.fr\/index.php\/la-therapie-biodynamique\/","name":"LA THERAPIE - Christophe Obraczka","isPartOf":{"@id":"https:\/\/www.christopheobraczka.fr\/#website"},"primaryImageOfPage":{"@id":"https:\/\/www.christopheobraczka.fr\/index.php\/la-therapie-biodynamique\/#primaryimage"},"image":{"@id":"https:\/\/www.christopheobraczka.fr\/index.php\/la-therapie-biodynamique\/#primaryimage"},"thumbnailUrl":"https:\/\/www.christopheobraczka.fr\/wp-content\/uploads\/2025\/11\/pexels-david-alberto-carmona-coto-434794-1151418-scaled.jpg","datePublished":"2025-11-22T10:05:25+00:00","dateModified":"2025-11-23T10:11:13+00:00","breadcrumb":{"@id":"https:\/\/www.christopheobraczka.fr\/index.php\/la-therapie-biodynamique\/#breadcrumb"},"inLanguage":"fr-FR","potentialAction":[{"@type":"ReadAction","target":["https:\/\/www.christopheobraczka.fr\/index.php\/la-therapie-biodynamique\/"]}]},{"@type":"ImageObject","inLanguage":"fr-FR","@id":"https:\/\/www.christopheobraczka.fr\/index.php\/la-therapie-biodynamique\/#primaryimage","url":"https:\/\/www.christopheobraczka.fr\/wp-content\/uploads\/2025\/11\/pexels-david-alberto-carmona-coto-434794-1151418-scaled.jpg","contentUrl":"https:\/\/www.christopheobraczka.fr\/wp-content\/uploads\/2025\/11\/pexels-david-alberto-carmona-coto-434794-1151418-scaled.jpg","width":2560,"height":1707},{"@type":"BreadcrumbList","@id":"https:\/\/www.christopheobraczka.fr\/index.php\/la-therapie-biodynamique\/#breadcrumb","itemListElement":[{"@type":"ListItem","position":1,"name":"Accueil","item":"https:\/\/www.christopheobraczka.fr\/"},{"@type":"ListItem","position":2,"name":"LA THERAPIE"}]},{"@type":"WebSite","@id":"https:\/\/www.christopheobraczka.fr\/#website","url":"https:\/\/www.christopheobraczka.fr\/","name":"christopheobraczka.fr","description":"Th\u00e9rapeute psychocorporel - sp\u00e9cialiste et formateur en Deep Draining","publisher":{"@id":"https:\/\/www.christopheobraczka.fr\/#organization"},"potentialAction":[{"@type":"SearchAction","target":{"@type":"EntryPoint","urlTemplate":"https:\/\/www.christopheobraczka.fr\/?s={search_term_string}"},"query-input":{"@type":"PropertyValueSpecification","valueRequired":true,"valueName":"search_term_string"}}],"inLanguage":"fr-FR"},{"@type":"Organization","@id":"https:\/\/www.christopheobraczka.fr\/#organization","name":"Christophe Obraczka","url":"https:\/\/www.christopheobraczka.fr\/","logo":{"@type":"ImageObject","inLanguage":"fr-FR","@id":"https:\/\/www.christopheobraczka.fr\/#\/schema\/logo\/image\/","url":"https:\/\/www.christopheobraczka.fr\/wp-content\/uploads\/2025\/11\/IMG_20200503_164357-600x580-1-e1763566813713.jpg","contentUrl":"https:\/\/www.christopheobraczka.fr\/wp-content\/uploads\/2025\/11\/IMG_20200503_164357-600x580-1-e1763566813713.jpg","width":530,"height":512,"caption":"Christophe Obraczka"},"image":{"@id":"https:\/\/www.christopheobraczka.fr\/#\/schema\/logo\/image\/"}}]}},"_links":{"self":[{"href":"https:\/\/www.christopheobraczka.fr\/index.php\/wp-json\/wp\/v2\/pages\/96","targetHints":{"allow":["GET"]}}],"collection":[{"href":"https:\/\/www.christopheobraczka.fr\/index.php\/wp-json\/wp\/v2\/pages"}],"about":[{"href":"https:\/\/www.christopheobraczka.fr\/index.php\/wp-json\/wp\/v2\/types\/page"}],"author":[{"embeddable":true,"href":"https:\/\/www.christopheobraczka.fr\/index.php\/wp-json\/wp\/v2\/users\/1"}],"replies":[{"embeddable":true,"href":"https:\/\/www.christopheobraczka.fr\/index.php\/wp-json\/wp\/v2\/comments?post=96"}],"version-history":[{"count":10,"href":"https:\/\/www.christopheobraczka.fr\/index.php\/wp-json\/wp\/v2\/pages\/96\/revisions"}],"predecessor-version":[{"id":242,"href":"https:\/\/www.christopheobraczka.fr\/index.php\/wp-json\/wp\/v2\/pages\/96\/revisions\/242"}],"wp:featuredmedia":[{"embeddable":true,"href":"https:\/\/www.christopheobraczka.fr\/index.php\/wp-json\/wp\/v2\/media\/185"}],"wp:attachment":[{"href":"https:\/\/www.christopheobraczka.fr\/index.php\/wp-json\/wp\/v2\/media?parent=96"}],"curies":[{"name":"wp","href":"https:\/\/api.w.org\/{rel}","templated":true}]}}